{"id":452,"date":"2023-06-15T22:09:21","date_gmt":"2023-06-15T22:09:21","guid":{"rendered":"https:\/\/linuskautar.is\/?page_id=452"},"modified":"2024-07-20T13:35:06","modified_gmt":"2024-07-20T13:35:06","slug":"boka-nuna","status":"publish","type":"page","link":"https:\/\/linuskautar.is\/index.php\/boka-nuna\/","title":{"rendered":"B\u00f3ka n\u00fana"},"content":{"rendered":"\t\t<div data-elementor-type=\"wp-page\" data-elementor-id=\"452\" class=\"elementor elementor-452\">\n\t\t\t\t\t\t<section class=\"elementor-section elementor-top-section elementor-element elementor-element-75d90e3 elementor-section-boxed elementor-section-height-default elementor-section-height-default parallax_section_no qode_elementor_container_no\" data-id=\"75d90e3\" data-element_type=\"section\" data-e-type=\"section\">\n\t\t\t\t\t\t<div class=\"elementor-container elementor-column-gap-default\">\n\t\t\t\t\t<div class=\"elementor-column elementor-col-50 elementor-top-column elementor-element elementor-element-537b9e8\" data-id=\"537b9e8\" data-element_type=\"column\" data-e-type=\"column\">\n\t\t\t<div class=\"elementor-widget-wrap elementor-element-populated\">\n\t\t\t\t\t\t<div class=\"elementor-element elementor-element-8f97fc3 elementor-widget elementor-widget-text-editor\" data-id=\"8f97fc3\" data-element_type=\"widget\" data-e-type=\"widget\" data-widget_type=\"text-editor.default\">\n\t\t\t\t<div class=\"elementor-widget-container\">\n\t\t\t\t\t\t\t\t\t<div class=\"wp-block-columns\">\n<div class=\"wp-block-column\"><!-- \/wp:heading --><!-- wp:formidable\/simple-form {\"formId\":\"2\"} -->\n<h2>B\u00f3ka n\u00fana<\/h2>\n<div><div class=\"frm_forms  with_frm_style frm_style_divi\" id=\"frm_form_2_container\" data-token=\"754286ae18f55e5999e65cf737cf3aa5\" data-token=\"754286ae18f55e5999e65cf737cf3aa5\">\n<form enctype=\"multipart\/form-data\" method=\"post\" class=\"frm-show-form  frm_pro_form \" id=\"form_bkanmskei\" data-token=\"754286ae18f55e5999e65cf737cf3aa5\" data-token=\"754286ae18f55e5999e65cf737cf3aa5\">\n<div class=\"frm_form_fields \">\n<fieldset>\n<legend class=\"frm_screen_reader\">B\u00f3ka n\u00e1mskei\u00f0<\/legend>\r\n\r\n<div class=\"frm_fields_container\">\n<input type=\"hidden\" name=\"frm_action\" value=\"create\" \/>\n<input type=\"hidden\" name=\"form_id\" value=\"2\" \/>\n<input type=\"hidden\" name=\"frm_hide_fields_2\" id=\"frm_hide_fields_2\" value=\"\" \/>\n<input type=\"hidden\" name=\"form_key\" value=\"bkanmskei\" \/>\n<input type=\"hidden\" name=\"item_meta[0]\" value=\"\" \/>\n<input type=\"hidden\" id=\"frm_submit_entry_2\" name=\"frm_submit_entry_2\" value=\"23a036b466\" \/><input type=\"hidden\" name=\"_wp_http_referer\" value=\"\/index.php\/wp-json\/wp\/v2\/pages\/452\" \/><div id=\"frm_field_19_container\" class=\"frm_form_field form-field  frm_required_field frm_inside_container frm12 frm_first\">\r\n    <label for=\"field_93eij\" id=\"field_93eij_label\" class=\"frm_primary_label\">Nafn \u00feess sem b\u00f3kar\r\n        <span class=\"frm_required\" aria-hidden=\"true\">*<\/span>\r\n    <\/label>\r\n    <input  type=\"text\" id=\"field_93eij\" name=\"item_meta[19]\" value=\"\"  data-reqmsg=\"Nafn \u00feess sem b\u00f3kar cannot be blank.\" aria-required=\"true\" data-invmsg=\"Text is invalid\" aria-invalid=\"false\"   \/>\r\n    \r\n    \r\n<\/div>\n<div id=\"frm_field_7_container\" class=\"frm_form_field form-field  frm_required_field frm_inside_container frm6 frm_first\">\r\n    <label for=\"field_xvr4b\" id=\"field_xvr4b_label\" class=\"frm_primary_label\">Netfang\r\n        <span class=\"frm_required\" aria-hidden=\"true\">*<\/span>\r\n    <\/label>\r\n    <input type=\"email\" id=\"field_xvr4b\" name=\"item_meta[7]\" value=\"\"  data-reqmsg=\"Netfang cannot be blank.\" aria-required=\"true\" data-invmsg=\"Netfang er \u00f3gilt\" aria-invalid=\"false\"  \/>\r\n    \r\n    \r\n<\/div>\n<div id=\"frm_field_14_container\" class=\"frm_form_field form-field  frm_required_field frm_inside_container frm6\">\r\n    <label for=\"field_m2duj\" id=\"field_m2duj_label\" class=\"frm_primary_label\">GSM n\u00famer\r\n        <span class=\"frm_required\" aria-hidden=\"true\">*<\/span>\r\n    <\/label>\r\n    <input type=\"tel\" id=\"field_m2duj\" name=\"item_meta[14]\" value=\"\"  data-frmmask=\"0000000\" data-reqmsg=\"GSM n\u00famer cannot be blank.\" aria-required=\"true\" data-invmsg=\"N\u00famer er eitthva\u00f0 skr\u00edti\u00f0\" aria-invalid=\"false\" pattern=\"\\d\\d\\d\\d\\d\\d\\d$\"  \/>\r\n    \r\n    \r\n<\/div>\n<div id=\"frm_field_9_container\" class=\"frm_form_field form-field  frm_required_field frm_inside_container frm6 frm_first\">\r\n    <label for=\"field_zth8u\" id=\"field_zth8u_label\" class=\"frm_primary_label\">Hven\u00e6r viltu koma? &#8211; dagur og t\u00edmi\r\n        <span class=\"frm_required\" aria-hidden=\"true\">*<\/span>\r\n    <\/label>\r\n    <input type=\"text\" id=\"field_zth8u\" name=\"item_meta[9]\" value=\"\"  maxlength=\"10\" data-reqmsg=\"Hven\u00e6r viltu koma? - dagur og t\u00edmi cannot be blank.\" aria-required=\"true\" data-invmsg=\"Date is invalid\" class=\"frm_date\" aria-invalid=\"false\"  \/>\r\n    \r\n    \r\n<\/div>\n<div id=\"frm_field_18_container\" class=\"frm_form_field form-field  frm_required_field frm_inside_container frm6\">\r\n    <div  id=\"field_xzg90_label\" class=\"frm_primary_label\">\r\n        <span class=\"frm_required\" aria-hidden=\"true\"><\/span>\r\n    <\/div>\r\n    <div class=\"frm_time_wrap\"><span dir=\"ltr\">\r\n<select aria-label=\" ... hour\" name=\"item_meta[18][H]\" id=\"field_xzg90_H\"  data-frmval=\"{&quot;H&quot;:&quot;&quot;,&quot;m&quot;:&quot;&quot;,&quot;A&quot;:&quot;&quot;,&quot;s&quot;:&quot;&quot;,&quot;ms&quot;:&quot;&quot;}\" data-reqmsg=\"This field cannot be blank.\" aria-required=\"true\" data-invmsg=\"Klukkan hva\u00f0 viltu koma?\" class=\"auto_width frm_time_select\" aria-invalid=\"false\"  ><option value=\"\"  selected='selected'><\/option><option value=\"10\" >10<\/option><option value=\"11\" >11<\/option><option value=\"12\" >12<\/option><option value=\"13\" >13<\/option><option value=\"14\" >14<\/option><option value=\"15\" >15<\/option><option value=\"16\" >16<\/option><option value=\"17\" >17<\/option><option value=\"18\" >18<\/option><option value=\"19\" >19<\/option><option value=\"20\" >20<\/option><\/select>\r\n<span class=\"frm_time_sep\" aria-hidden=\"true\">:<\/span>\r\n<select aria-label=\" ... minute\" name=\"item_meta[18][m]\" id=\"field_xzg90_m\"  data-frmval=\"{&quot;H&quot;:&quot;&quot;,&quot;m&quot;:&quot;&quot;,&quot;A&quot;:&quot;&quot;,&quot;s&quot;:&quot;&quot;,&quot;ms&quot;:&quot;&quot;}\" data-reqmsg=\"This field cannot be blank.\" aria-required=\"true\" data-invmsg=\"Klukkan hva\u00f0 viltu koma?\" class=\"auto_width frm_time_select auto_width frm_time_select\" aria-invalid=\"false\"  ><option value=\"\"  selected='selected'><\/option><option value=\"00\" >00<\/option><option value=\"30\" >30<\/option><\/select>\r\n<\/span>\r\n<\/div>\r\n    \r\n    \r\n<\/div>\n<div id=\"frm_field_13_container\" class=\"frm_form_field form-field  frm_required_field frm_inside_container frm12 frm_first\">\r\n    <label for=\"field_1odk\" id=\"field_1odk_label\" class=\"frm_primary_label\">Fj\u00f6ldi &#8211; hva\u00f0 eru\u00f0 \u00fei\u00f0 m\u00f6rg? Getur nota\u00f0 p\u00edlur &#8212;>\r\n        <span class=\"frm_required\" aria-hidden=\"true\">*<\/span>\r\n    <\/label>\r\n    <input type=\"number\" id=\"field_1odk\" name=\"item_meta[13]\" value=\"\" autocomplete=\"off\"  data-reqmsg=\"Fj\u00f6ldi - hva\u00f0 eru\u00f0 \u00fei\u00f0 m\u00f6rg? Getur nota\u00f0 p\u00edlur ---&gt; cannot be blank.\" aria-required=\"true\" data-invmsg=\"\u00de\u00fa ver\u00f0ur a\u00f0 sl\u00e1 inn fj\u00f6ld\" aria-invalid=\"false\"   min=\"1\" max=\"20\" step=\"any\" \/>\r\n    \r\n    \r\n<\/div>\n<div id=\"frm_field_11_container\" class=\"frm_form_field form-field  frm_inside_container\">\r\n    <label for=\"field_76bfi\" id=\"field_76bfi_label\" class=\"frm_primary_label\">Einhverjir punktar e\u00f0a p\u00e6lingar?\r\n        <span class=\"frm_required\" aria-hidden=\"true\"><\/span>\r\n    <\/label>\r\n    <input  type=\"text\" id=\"field_76bfi\" name=\"item_meta[11]\" value=\"\"  data-invmsg=\"Text is invalid\" aria-invalid=\"false\"   \/>\r\n    \r\n    \r\n<\/div>\n<div id=\"frm_field_21_container\" class=\"frm_form_field form-field \">\r\n\t<div class=\"frm_submit\">\r\n\r\n<button class=\"frm_button_submit frm_final_submit\" type=\"submit\"   formnovalidate=\"formnovalidate\">Kl\u00e1ra b\u00f3kun<\/button>\r\n\r\n\r\n<\/div>\r\n<\/div>\n\t<input type=\"hidden\" name=\"item_key\" value=\"\" \/>\n\t\t\t<div id=\"frm_field_23_container\">\n\t\t\t<label for=\"field_tljl5\" >\n\t\t\t\tIf you are human, leave this field blank.\t\t\t<\/label>\n\t\t\t<input  id=\"field_tljl5\" type=\"text\" class=\"frm_form_field form-field frm_verify\" name=\"item_meta[23]\" value=\"\"  \/>\n\t\t<\/div>\n\t\t<input name=\"frm_state\" type=\"hidden\" value=\"A1iTlujuvSeZm1CMd0YoPneG4PGp6u4nmDUG6WtvlbuDsjhbmsN8qFufUXbHItwI\" \/><\/div>\n<\/fieldset>\n<\/div>\n\n<\/form>\n<\/div>\n<\/div>\n<\/div>\n<\/div>\t\t\t\t\t\t\t\t<\/div>\n\t\t\t\t<\/div>\n\t\t\t\t\t<\/div>\n\t\t<\/div>\n\t\t\t\t<div class=\"elementor-column elementor-col-50 elementor-top-column elementor-element elementor-element-6eed6d2\" data-id=\"6eed6d2\" data-element_type=\"column\" data-e-type=\"column\">\n\t\t\t<div class=\"elementor-widget-wrap elementor-element-populated\">\n\t\t\t\t\t\t<div class=\"elementor-element elementor-element-45eedd9 elementor-widget__width-initial elementor-widget elementor-widget-text-editor\" data-id=\"45eedd9\" data-element_type=\"widget\" data-e-type=\"widget\" data-widget_type=\"text-editor.default\">\n\t\t\t\t<div class=\"elementor-widget-container\">\n\t\t\t\t\t\t\t\t\t<h2>\u00a0<\/h2>\n<h2 class=\"wp-block-heading\">Athuga\u00f0u<\/h2>\n<p><!-- \/wp:heading --><\/p>\n<p><!-- wp:paragraph -->\u00deegar \u00fe\u00fa ert b\u00fain a\u00f0 b\u00f3ka \u00fe\u00e1 h\u00f6fum vi\u00f0 samband anna\u00f0 hvort s\u00edmlei\u00f0is e\u00f0a \u00ed t\u00f6lvup\u00f3sti og sta\u00f0festum.<\/p>\n<p><!-- \/wp:paragraph --><!-- wp:spacer {\"height\":\"40px\"} --><\/p>\n<div class=\"wp-block-spacer\" aria-hidden=\"true\">\u00a0<\/div>\n<p><!-- \/wp:spacer --><!-- wp:heading --><\/p>\n<h2 class=\"wp-block-heading\">Skilm\u00e1lar<\/h2>\n<p><!-- \/wp:heading --><\/p>\n<p><!-- wp:paragraph -->\u2013 Aldurstakmark er 16 \u00e1r.<br \/>\u2013 Ve\u00f0ur getur haft \u00e1hrif.<br \/>\u2013 Ver\u00f0 mi\u00f0ast vi\u00f0 fj\u00f6lda og stendur \u00fe\u00f3 f\u00e6kki.<br \/>\u2013 Allir sem s\u00e6kja n\u00e1mskei\u00f0 eru \u00e1 eigin \u00e1byrg\u00f0.<\/p>\n<p><!-- \/wp:paragraph --><\/p>\n<p><!-- wp:paragraph -->\u00a0<\/p>\n<p><!-- \/wp:paragraph --><!-- wp:spacer {\"height\":\"40px\"} --><\/p>\n<p><!-- \/wp:spacer --><!-- wp:heading --><\/p>\n<h2 class=\"wp-block-heading\">Grei\u00f0sla<\/h2>\n<p><!-- \/wp:heading --><\/p>\n<p><!-- wp:paragraph -->&#8211; Grei\u00f0sla fer fram \u00e1\u00f0ur en n\u00e1mskei\u00f0 hefst.<br \/>&#8211; H\u00e6gt a\u00f0 grei\u00f0a me\u00f0 millif\u00e6rslu e\u00f0a pening.<br \/>&#8211; Vi\u00f0 erum me\u00f0 Aur sem au\u00f0veldar millif\u00e6rslu.<\/p>\n<p><!-- \/wp:paragraph --><!-- wp:spacer {\"height\":\"14px\"} --><\/p>\n<div class=\"wp-block-spacer\" aria-hidden=\"true\">\u00a0<\/div>\n<p><!-- \/wp:spacer --><\/p>\n<p><!-- wp:paragraph -->Vi\u00f0 erum samvinnuf\u00fasir og au\u00f0veldir \u00ed samningum fyrir st\u00e6rri h\u00f3pa og fyrirt\u00e6kjab\u00f3kanir. Sendu okkur bara punkta e\u00f0a p\u00e6lingar.<\/p>\n<p>\u00a0<\/p>\t\t\t\t\t\t\t\t<\/div>\n\t\t\t\t<\/div>\n\t\t\t\t\t<\/div>\n\t\t<\/div>\n\t\t\t\t\t<\/div>\n\t\t<\/section>\n\t\t\t\t<\/div>\n\t\t","protected":false},"excerpt":{"rendered":"<p>B\u00f3ka n\u00fana \u00a0 Athuga\u00f0u \u00deegar \u00fe\u00fa ert b\u00fain a\u00f0 b\u00f3ka \u00fe\u00e1 h\u00f6fum vi\u00f0 samband anna\u00f0 hvort s\u00edmlei\u00f0is e\u00f0a \u00ed t\u00f6lvup\u00f3sti og sta\u00f0festum. \u00a0 Skilm\u00e1lar \u2013 Aldurstakmark er 16 \u00e1r.\u2013 Ve\u00f0ur getur haft \u00e1hrif.\u2013 Ver\u00f0 mi\u00f0ast vi\u00f0 fj\u00f6lda og stendur \u00fe\u00f3 f\u00e6kki.\u2013 Allir sem s\u00e6kja n\u00e1mskei\u00f0&#8230;<\/p>\n","protected":false},"author":1,"featured_media":0,"parent":0,"menu_order":0,"comment_status":"closed","ping_status":"closed","template":"","meta":{"footnotes":""},"class_list":["post-452","page","type-page","status-publish","hentry"],"yoast_head":"<!-- This site is optimized with the Yoast SEO plugin v27.6 - https:\/\/yoast.com\/product\/yoast-seo-wordpress\/ -->\n<title>B\u00f3ka n\u00fana - Linuskautar.is<\/title>\n<meta name=\"robots\" content=\"index, follow, max-snippet:-1, max-image-preview:large, max-video-preview:-1\" \/>\n<link rel=\"canonical\" href=\"https:\/\/linuskautar.is\/index.php\/boka-nuna\/\" \/>\n<meta property=\"og:locale\" content=\"en_US\" \/>\n<meta property=\"og:type\" content=\"article\" \/>\n<meta property=\"og:title\" content=\"B\u00f3ka n\u00fana - Linuskautar.is\" \/>\n<meta property=\"og:description\" content=\"B\u00f3ka n\u00fana \u00a0 Athuga\u00f0u \u00deegar \u00fe\u00fa ert b\u00fain a\u00f0 b\u00f3ka \u00fe\u00e1 h\u00f6fum vi\u00f0 samband anna\u00f0 hvort s\u00edmlei\u00f0is e\u00f0a \u00ed t\u00f6lvup\u00f3sti og sta\u00f0festum. \u00a0 Skilm\u00e1lar \u2013 Aldurstakmark er 16 \u00e1r.\u2013 Ve\u00f0ur getur haft \u00e1hrif.\u2013 Ver\u00f0 mi\u00f0ast vi\u00f0 fj\u00f6lda og stendur \u00fe\u00f3 f\u00e6kki.\u2013 Allir sem s\u00e6kja n\u00e1mskei\u00f0...\" \/>\n<meta property=\"og:url\" content=\"https:\/\/linuskautar.is\/index.php\/boka-nuna\/\" \/>\n<meta property=\"og:site_name\" content=\"Linuskautar.is\" \/>\n<meta property=\"article:modified_time\" content=\"2024-07-20T13:35:06+00:00\" \/>\n<meta name=\"twitter:card\" content=\"summary_large_image\" \/>\n<meta name=\"twitter:label1\" content=\"Est. reading time\" \/>\n\t<meta name=\"twitter:data1\" content=\"1 minute\" \/>\n<script type=\"application\/ld+json\" class=\"yoast-schema-graph\">{\"@context\":\"https:\\\/\\\/schema.org\",\"@graph\":[{\"@type\":\"WebPage\",\"@id\":\"https:\\\/\\\/linuskautar.is\\\/index.php\\\/boka-nuna\\\/\",\"url\":\"https:\\\/\\\/linuskautar.is\\\/index.php\\\/boka-nuna\\\/\",\"name\":\"B\u00f3ka n\u00fana - Linuskautar.is\",\"isPartOf\":{\"@id\":\"https:\\\/\\\/linuskautar.is\\\/#website\"},\"datePublished\":\"2023-06-15T22:09:21+00:00\",\"dateModified\":\"2024-07-20T13:35:06+00:00\",\"breadcrumb\":{\"@id\":\"https:\\\/\\\/linuskautar.is\\\/index.php\\\/boka-nuna\\\/#breadcrumb\"},\"inLanguage\":\"en-US\",\"potentialAction\":[{\"@type\":\"ReadAction\",\"target\":[\"https:\\\/\\\/linuskautar.is\\\/index.php\\\/boka-nuna\\\/\"]}]},{\"@type\":\"BreadcrumbList\",\"@id\":\"https:\\\/\\\/linuskautar.is\\\/index.php\\\/boka-nuna\\\/#breadcrumb\",\"itemListElement\":[{\"@type\":\"ListItem\",\"position\":1,\"name\":\"Home\",\"item\":\"https:\\\/\\\/linuskautar.is\\\/\"},{\"@type\":\"ListItem\",\"position\":2,\"name\":\"B\u00f3ka n\u00fana\"}]},{\"@type\":\"WebSite\",\"@id\":\"https:\\\/\\\/linuskautar.is\\\/#website\",\"url\":\"https:\\\/\\\/linuskautar.is\\\/\",\"name\":\"Linuskautar.is\",\"description\":\"\",\"publisher\":{\"@id\":\"https:\\\/\\\/linuskautar.is\\\/#organization\"},\"potentialAction\":[{\"@type\":\"SearchAction\",\"target\":{\"@type\":\"EntryPoint\",\"urlTemplate\":\"https:\\\/\\\/linuskautar.is\\\/?s={search_term_string}\"},\"query-input\":{\"@type\":\"PropertyValueSpecification\",\"valueRequired\":true,\"valueName\":\"search_term_string\"}}],\"inLanguage\":\"en-US\"},{\"@type\":\"Organization\",\"@id\":\"https:\\\/\\\/linuskautar.is\\\/#organization\",\"name\":\"Linuskautar.is\",\"url\":\"https:\\\/\\\/linuskautar.is\\\/\",\"logo\":{\"@type\":\"ImageObject\",\"inLanguage\":\"en-US\",\"@id\":\"https:\\\/\\\/linuskautar.is\\\/#\\\/schema\\\/logo\\\/image\\\/\",\"url\":\"https:\\\/\\\/linuskautar.is\\\/wp-content\\\/uploads\\\/2023\\\/06\\\/linuskautar-is-horiz.png\",\"contentUrl\":\"https:\\\/\\\/linuskautar.is\\\/wp-content\\\/uploads\\\/2023\\\/06\\\/linuskautar-is-horiz.png\",\"width\":553,\"height\":109,\"caption\":\"Linuskautar.is\"},\"image\":{\"@id\":\"https:\\\/\\\/linuskautar.is\\\/#\\\/schema\\\/logo\\\/image\\\/\"}}]}<\/script>\n<!-- \/ Yoast SEO plugin. -->","yoast_head_json":{"title":"B\u00f3ka n\u00fana - Linuskautar.is","robots":{"index":"index","follow":"follow","max-snippet":"max-snippet:-1","max-image-preview":"max-image-preview:large","max-video-preview":"max-video-preview:-1"},"canonical":"https:\/\/linuskautar.is\/index.php\/boka-nuna\/","og_locale":"en_US","og_type":"article","og_title":"B\u00f3ka n\u00fana - Linuskautar.is","og_description":"B\u00f3ka n\u00fana \u00a0 Athuga\u00f0u \u00deegar \u00fe\u00fa ert b\u00fain a\u00f0 b\u00f3ka \u00fe\u00e1 h\u00f6fum vi\u00f0 samband anna\u00f0 hvort s\u00edmlei\u00f0is e\u00f0a \u00ed t\u00f6lvup\u00f3sti og sta\u00f0festum. \u00a0 Skilm\u00e1lar \u2013 Aldurstakmark er 16 \u00e1r.\u2013 Ve\u00f0ur getur haft \u00e1hrif.\u2013 Ver\u00f0 mi\u00f0ast vi\u00f0 fj\u00f6lda og stendur \u00fe\u00f3 f\u00e6kki.\u2013 Allir sem s\u00e6kja n\u00e1mskei\u00f0...","og_url":"https:\/\/linuskautar.is\/index.php\/boka-nuna\/","og_site_name":"Linuskautar.is","article_modified_time":"2024-07-20T13:35:06+00:00","twitter_card":"summary_large_image","twitter_misc":{"Est. reading time":"1 minute"},"schema":{"@context":"https:\/\/schema.org","@graph":[{"@type":"WebPage","@id":"https:\/\/linuskautar.is\/index.php\/boka-nuna\/","url":"https:\/\/linuskautar.is\/index.php\/boka-nuna\/","name":"B\u00f3ka n\u00fana - Linuskautar.is","isPartOf":{"@id":"https:\/\/linuskautar.is\/#website"},"datePublished":"2023-06-15T22:09:21+00:00","dateModified":"2024-07-20T13:35:06+00:00","breadcrumb":{"@id":"https:\/\/linuskautar.is\/index.php\/boka-nuna\/#breadcrumb"},"inLanguage":"en-US","potentialAction":[{"@type":"ReadAction","target":["https:\/\/linuskautar.is\/index.php\/boka-nuna\/"]}]},{"@type":"BreadcrumbList","@id":"https:\/\/linuskautar.is\/index.php\/boka-nuna\/#breadcrumb","itemListElement":[{"@type":"ListItem","position":1,"name":"Home","item":"https:\/\/linuskautar.is\/"},{"@type":"ListItem","position":2,"name":"B\u00f3ka n\u00fana"}]},{"@type":"WebSite","@id":"https:\/\/linuskautar.is\/#website","url":"https:\/\/linuskautar.is\/","name":"Linuskautar.is","description":"","publisher":{"@id":"https:\/\/linuskautar.is\/#organization"},"potentialAction":[{"@type":"SearchAction","target":{"@type":"EntryPoint","urlTemplate":"https:\/\/linuskautar.is\/?s={search_term_string}"},"query-input":{"@type":"PropertyValueSpecification","valueRequired":true,"valueName":"search_term_string"}}],"inLanguage":"en-US"},{"@type":"Organization","@id":"https:\/\/linuskautar.is\/#organization","name":"Linuskautar.is","url":"https:\/\/linuskautar.is\/","logo":{"@type":"ImageObject","inLanguage":"en-US","@id":"https:\/\/linuskautar.is\/#\/schema\/logo\/image\/","url":"https:\/\/linuskautar.is\/wp-content\/uploads\/2023\/06\/linuskautar-is-horiz.png","contentUrl":"https:\/\/linuskautar.is\/wp-content\/uploads\/2023\/06\/linuskautar-is-horiz.png","width":553,"height":109,"caption":"Linuskautar.is"},"image":{"@id":"https:\/\/linuskautar.is\/#\/schema\/logo\/image\/"}}]}},"_links":{"self":[{"href":"https:\/\/linuskautar.is\/index.php\/wp-json\/wp\/v2\/pages\/452","targetHints":{"allow":["GET"]}}],"collection":[{"href":"https:\/\/linuskautar.is\/index.php\/wp-json\/wp\/v2\/pages"}],"about":[{"href":"https:\/\/linuskautar.is\/index.php\/wp-json\/wp\/v2\/types\/page"}],"author":[{"embeddable":true,"href":"https:\/\/linuskautar.is\/index.php\/wp-json\/wp\/v2\/users\/1"}],"replies":[{"embeddable":true,"href":"https:\/\/linuskautar.is\/index.php\/wp-json\/wp\/v2\/comments?post=452"}],"version-history":[{"count":22,"href":"https:\/\/linuskautar.is\/index.php\/wp-json\/wp\/v2\/pages\/452\/revisions"}],"predecessor-version":[{"id":526,"href":"https:\/\/linuskautar.is\/index.php\/wp-json\/wp\/v2\/pages\/452\/revisions\/526"}],"wp:attachment":[{"href":"https:\/\/linuskautar.is\/index.php\/wp-json\/wp\/v2\/media?parent=452"}],"curies":[{"name":"wp","href":"https:\/\/api.w.org\/{rel}","templated":true}]}}